{"id":3948,"date":"2013-02-07T20:53:24","date_gmt":"2013-02-07T20:53:24","guid":{"rendered":"https:\/\/www.kucazapisce.hr\/srdan-srdic\/"},"modified":"2013-02-07T20:53:24","modified_gmt":"2013-02-07T20:53:24","slug":"srdan-srdic","status":"publish","type":"page","link":"https:\/\/www.kucazapisce.hr\/it\/scrittori\/srdan-srdic\/","title":{"rendered":"Sr\u0111an Srdi\u0107"},"content":{"rendered":"<p><a href=\"http:\/\/kucazapisce.hr\/pisci\/srdan-srdic\/srdjans\/\" rel=\"attachment wp-att-750\"><img loading=\"lazy\" decoding=\"async\" class=\"aligncenter size-full wp-image-750\" title=\"srdjans\" src=\"http:\/\/kucazapisce.hr\/wp\/wp-content\/uploads\/2013\/02\/srdjans.jpg\" alt=\"\" width=\"220\" height=\"279\" \/><\/a><\/p>\n<p>Ho trascorso il mese di gennaio nella Casa. Perlopi\u00f9 ho scritto. Succedeva per\u00f2 che non uscissi di Casa per diversi giorni. Solitamente cose cos\u00ec non succedono. Quando nella Casa \u00e8 silenzio, si sente il rumore della Foiba. Il ruggito della Foiba. Davor dice che ci sia un mostro laggi\u00f9, in fondo. Le domeniche scorrevano e pioveva. Non sono stato ad Helsinki, ma direi che \u00e8 quasi la stessa cosa. Non dovevo radermi. Non dovevo fare alcunch\u00e9. Di solito non \u00e8 cos\u00ec. Una notte ho fatto ritorno da qualche luogo e la Casa era nella nebbia. Le cose cambiano forma, non c&#8217;\u00e8 niente da fare.<\/p>\n<p>Scrivevo. E il testo cambiava. Davor era preoccupato: credeva che fossi morto. Iva sapeva che non era vero. Iva sa assolutamente tutto; \u00e8 la migliore padrona di casa di tutto il Messico. Ho scritto un libro sulla Casa. Qualcuno dice che \u00e8 un buon libro. Ho conosciuto buona e brava gente.<\/p>\n<p>Di solito non succedono cose cos\u00ec.<\/p>\n","protected":false},"excerpt":{"rendered":"<p>Ho trascorso il mese di gennaio nella Casa. Perlopi\u00f9 ho scritto. Succedeva per\u00f2 che non uscissi di Casa per diversi giorni. Solitamente cose cos\u00ec non succedono. Quando nella Casa \u00e8 silenzio, si sente il rumore della Foiba. Il ruggito della Foiba. Davor dice che ci sia un mostro laggi\u00f9, in fondo. Le domeniche scorrevano e [&hellip;]<\/p>\n","protected":false},"author":3,"featured_media":0,"parent":3868,"menu_order":0,"comment_status":"open","ping_status":"open","template":"","meta":{"footnotes":""},"class_list":["post-3948","page","type-page","status-publish","hentry"],"_links":{"self":[{"href":"https:\/\/www.kucazapisce.hr\/it\/wp-json\/wp\/v2\/pages\/3948","targetHints":{"allow":["GET"]}}],"collection":[{"href":"https:\/\/www.kucazapisce.hr\/it\/wp-json\/wp\/v2\/pages"}],"about":[{"href":"https:\/\/www.kucazapisce.hr\/it\/wp-json\/wp\/v2\/types\/page"}],"author":[{"embeddable":true,"href":"https:\/\/www.kucazapisce.hr\/it\/wp-json\/wp\/v2\/users\/3"}],"replies":[{"embeddable":true,"href":"https:\/\/www.kucazapisce.hr\/it\/wp-json\/wp\/v2\/comments?post=3948"}],"version-history":[{"count":0,"href":"https:\/\/www.kucazapisce.hr\/it\/wp-json\/wp\/v2\/pages\/3948\/revisions"}],"up":[{"embeddable":true,"href":"https:\/\/www.kucazapisce.hr\/it\/wp-json\/wp\/v2\/pages\/3868"}],"wp:attachment":[{"href":"https:\/\/www.kucazapisce.hr\/it\/wp-json\/wp\/v2\/media?parent=3948"}],"curies":[{"name":"wp","href":"https:\/\/api.w.org\/{rel}","templated":true}]}}