{"id":3938,"date":"2012-07-09T10:21:54","date_gmt":"2012-07-09T10:21:54","guid":{"rendered":"https:\/\/www.kucazapisce.hr\/dorta-jagic\/"},"modified":"2012-07-09T10:21:54","modified_gmt":"2012-07-09T10:21:54","slug":"dorta-jagic","status":"publish","type":"page","link":"https:\/\/www.kucazapisce.hr\/it\/scrittori\/dorta-jagic\/","title":{"rendered":"Dorta Jagi\u0107"},"content":{"rendered":"<p><img loading=\"lazy\" decoding=\"async\" class=\"aligncenter size-full wp-image-335\" title=\"dorta02-2\" src=\"http:\/\/kucazapisce.hr\/wp\/wp-content\/uploads\/2012\/03\/dorta02-2.jpg\" alt=\"\" width=\"219\" height=\"277\" \/><\/p>\n<p>Un mese lontana dai capricci della quotidianit\u00e0 urbana. Un mese a Pisino, un anno luce. Potrebbe essere un buon inizio per un racconto e un buon inizio d&#8217;anno. E questo 2012, per me, \u00e8 iniziato decisamente bene. Infatti, ho avuto in regalo un soleggiato febbraio a Pisino, mentre il resto del Paese \u00e8 coperto dalla neve e lontano quanto basta per non turbare questa regalata solitudine.<\/p>\n<p>Da soli per un periodo un po&#8217; pi\u00f9 lungo: un privilegio inusuale per uno scrittore. La solitudine nella Casa degli scrittori non \u00e8 semplice solitudine: \u00e8 ghiottoneria aristocratica. E di quando in quando questa mia preziosa solitudine, vuoi con piacevoli incontri per un caff\u00e8 in citt\u00e0, vuoi con qualche serata letteraria per parlare dei miei lavori, viene ulterirmente impreziosita da Iva Ciceran (lo spirito buono, la regina della Biblioteca civica di Pisino), dal mio meraviglioso collega poeta Branko Vasiljevi\u0107, e Davor \u0160i\u0161ovi\u0107, vera enciclopedia umana. I loro racconti, le chicche che condividono con me mi rallegrano quanto gli incontri con incredibili cacciatori di avventure, da Indiani a cavallo sul prato sopra la Foiba ad arruffati viaggiatori in canotto dalla Sava al Mar Nero, alla professoressa Majda e alle sue estati da volontaria in Tanzania.<\/p>\n<p>Nella Casa siamo soli il computer ed io, alcuni libri ed una bellissima veduta dal terrazzo. Ogni mattina mi regala il suo buongiorno la drammatica bellezza della Foiba di Pisino, con uccelli a volo radente sulla gola del baratro.<\/p>\n<p>A dare un tocco in pi\u00f9, sulla destra, abbarbicato su una rupe si erge il vecchio dignitoso Castello, quello dal quale fugg\u00ec il Mathias Sandorf di Verne. E pi\u00f9 in l\u00e0 il rudere di un imponente edificio che ricorda la casa degli Usher raccontata da Poe.<\/p>\n<p>Di Pisino ricorder\u00f2 anche il fiabesco contrasto della tiepida primavera di giorno e del freddo siberiano della notte.<\/p>\n<p>Di notte il vento ulula, sibila lungo le strade deserte. Ma nella Casa degli scrittori \u00e8 silenzio, tranquillit\u00e0, \u00e8 casa. Non c&#8217;\u00e8 nessuno; il telefono tace. Avvio il computer: l&#8217;avventura pu\u00f2 incominciare.<\/p>\n","protected":false},"excerpt":{"rendered":"<p>Un mese lontana dai capricci della quotidianit\u00e0 urbana. Un mese a Pisino, un anno luce. Potrebbe essere un buon inizio per un racconto e un buon inizio d&#8217;anno. E questo 2012, per me, \u00e8 iniziato decisamente bene. Infatti, ho avuto in regalo un soleggiato febbraio a Pisino, mentre il resto del Paese \u00e8 coperto dalla [&hellip;]<\/p>\n","protected":false},"author":3,"featured_media":0,"parent":3868,"menu_order":0,"comment_status":"closed","ping_status":"closed","template":"","meta":{"footnotes":""},"class_list":["post-3938","page","type-page","status-publish","hentry"],"_links":{"self":[{"href":"https:\/\/www.kucazapisce.hr\/it\/wp-json\/wp\/v2\/pages\/3938","targetHints":{"allow":["GET"]}}],"collection":[{"href":"https:\/\/www.kucazapisce.hr\/it\/wp-json\/wp\/v2\/pages"}],"about":[{"href":"https:\/\/www.kucazapisce.hr\/it\/wp-json\/wp\/v2\/types\/page"}],"author":[{"embeddable":true,"href":"https:\/\/www.kucazapisce.hr\/it\/wp-json\/wp\/v2\/users\/3"}],"replies":[{"embeddable":true,"href":"https:\/\/www.kucazapisce.hr\/it\/wp-json\/wp\/v2\/comments?post=3938"}],"version-history":[{"count":0,"href":"https:\/\/www.kucazapisce.hr\/it\/wp-json\/wp\/v2\/pages\/3938\/revisions"}],"up":[{"embeddable":true,"href":"https:\/\/www.kucazapisce.hr\/it\/wp-json\/wp\/v2\/pages\/3868"}],"wp:attachment":[{"href":"https:\/\/www.kucazapisce.hr\/it\/wp-json\/wp\/v2\/media?parent=3938"}],"curies":[{"name":"wp","href":"https:\/\/api.w.org\/{rel}","templated":true}]}}