{"id":3909,"date":"2012-06-08T08:14:18","date_gmt":"2012-06-08T08:14:18","guid":{"rendered":"https:\/\/www.kucazapisce.hr\/sanja-lovrencic\/"},"modified":"2012-06-08T08:14:18","modified_gmt":"2012-06-08T08:14:18","slug":"sanja-lovrencic","status":"publish","type":"page","link":"https:\/\/www.kucazapisce.hr\/it\/scrittori\/sanja-lovrencic\/","title":{"rendered":"Sanja Lovren\u010di\u0107"},"content":{"rendered":"<p>Dove sei stata, mi chiedono. Sull&#8217;orlo del baratro.<\/p>\n<p>Gli uccelli sorvolano la voragine, quasi fosse una gara, come se sorvolare il baratro fosse pi\u00f9 difficile che volare nel cielo aperto, come se il baratro avesse una forza da contrastare, vincere, come se lo si dovesse sorvolare nonostante tutto.<\/p>\n<p>Lungo il sentiero di campagna, l\u00e0 dietro il Castello, cresce l&#8217;ortica novella, la pi\u00f9 verde. Non trovo la parola giusta per i colori delle piante che avvolgono il baratro: tento inutilmente con le tonalit\u00e0 di grigio e marrone. \u00c8 il colore del fango rimasto dopo che le acque si sono ritirate, asciugato nei mattini di sole, e il colore tipico di una vegetazione rigogliosa.\u00a0 E ancora il bianco della pietra.<\/p>\n<p>Se dovessi definire tutto con un&#8217;unica parola, potrei dire \u201ccontrasto\u201d? Il volo e la voragine, le bianche pietre contro l&#8217;oscurit\u00e0 che si cela in fondo alla gola, il peso della terra asciugata sugli alberi e la linfa primaverile che scorre sotto la corteccia, la luminosit\u00e0 della porta del terrazzo spalancata e l&#8217;oscurit\u00e0 della piccola casa? Dal tramonto del solaio, la pallida luminosit\u00e0 primaverile sembra ancor pi\u00f9 nitida.<\/p>\n<p>La Casa degli scrittori. Al mattino esco dall&#8217;oscurit\u00e0 nel biancore del terrazzo di questa mia torre di guardia sotto il peso del titolo di scrittore. Guardiana della voragine, constato che tutto \u00e8 al suo posto: il castello alla destra, il ponte in lontananza, la corona di pini sul pendio oltre il ponte. Il motel in lontananza sulla sinistra; il suo terrazzo sovrasta il panorama: se qualcuno dovesse stare sul terrazzo del motel come io mi sono sistemata sul terrazzo di questa Casa, potremmo farci dei segnali. Che cosa direi a questo qualcuno sventolando una bandierina o con segnali di fumo? Che il mattino \u00e8 sereno e freddo, lo avrebbe gi\u00e0 capito da solo. E avrebbe capito che il torrente in fondo al baratro, nonostante tutto \u00e8 verde smeraldo.<\/p>\n<p>Il freddo mi fa rientrare. Chiudo la porta e mi siedo al tavolo. Gusto una tazza di t\u00e8 di mirtillo; un rito che mi dovrebbe portare via di qui. Lontano, dove \u00e8 gi\u00e0 estate, su un&#8217;isola dove gente varia fa un po&#8217; di tutto. A volte mi riesce, a volte no. A volte la voragine con i suoi uccelli e i suoi colori \u00e8 pi\u00f9 forte e allora riapro le porte e respiro profondamente la luce. A volte una frase si attacca all&#8217;altra e allora dal mare del mio libro si liberano riverberi.<\/p>\n<p>Ero sopra la voragine e ho scritto un libro che parla di mare.<\/p>\n<p>Era sera; ho raccontato alla gente le mie storie.<\/p>\n<p>\u00c8 venuta Tanja e prima di andare a raccogliere l&#8217;ortica siamo state per un po&#8217; nel giardino sotto il terrazzo.<\/p>\n<p>Sono venuti i bambini della scuola di Pisino, e per un po&#8217; sono stata una narratrice vecchio stampo, quella che racconta, tramanda, cammina sul filo.<\/p>\n<p>Mi hanno dato un paio di forbici e con esse ho tagliato il nastro rosso dando inizio a Istrakon.<\/p>\n<p>Poi finalmente \u00e8 giunto il momento di scendere nel baratro, ma la terra era ancora troppo molle per l&#8217;acqua che si era ritirata solo qualche giorno prima del mio arrivo. E cos\u00ec non ho visto n\u00e9 la piena, n\u00e9 il fondo della foiba. <span><\/span><\/p>\n","protected":false},"excerpt":{"rendered":"<p>Dove sei stata, mi chiedono. Sull&#8217;orlo del baratro. Gli uccelli sorvolano la voragine, quasi fosse una gara, come se sorvolare il baratro fosse pi\u00f9 difficile che volare nel cielo aperto, come se il baratro avesse una forza da contrastare, vincere, come se lo si dovesse sorvolare nonostante tutto. Lungo il sentiero di campagna, l\u00e0 dietro [&hellip;]<\/p>\n","protected":false},"author":3,"featured_media":0,"parent":3868,"menu_order":0,"comment_status":"closed","ping_status":"closed","template":"","meta":{"footnotes":""},"class_list":["post-3909","page","type-page","status-publish","hentry"],"_links":{"self":[{"href":"https:\/\/www.kucazapisce.hr\/it\/wp-json\/wp\/v2\/pages\/3909","targetHints":{"allow":["GET"]}}],"collection":[{"href":"https:\/\/www.kucazapisce.hr\/it\/wp-json\/wp\/v2\/pages"}],"about":[{"href":"https:\/\/www.kucazapisce.hr\/it\/wp-json\/wp\/v2\/types\/page"}],"author":[{"embeddable":true,"href":"https:\/\/www.kucazapisce.hr\/it\/wp-json\/wp\/v2\/users\/3"}],"replies":[{"embeddable":true,"href":"https:\/\/www.kucazapisce.hr\/it\/wp-json\/wp\/v2\/comments?post=3909"}],"version-history":[{"count":0,"href":"https:\/\/www.kucazapisce.hr\/it\/wp-json\/wp\/v2\/pages\/3909\/revisions"}],"up":[{"embeddable":true,"href":"https:\/\/www.kucazapisce.hr\/it\/wp-json\/wp\/v2\/pages\/3868"}],"wp:attachment":[{"href":"https:\/\/www.kucazapisce.hr\/it\/wp-json\/wp\/v2\/media?parent=3909"}],"curies":[{"name":"wp","href":"https:\/\/api.w.org\/{rel}","templated":true}]}}