{"id":3892,"date":"2011-07-21T11:07:10","date_gmt":"2011-07-21T11:07:10","guid":{"rendered":"https:\/\/www.kucazapisce.hr\/renato-baretic\/"},"modified":"2011-07-21T11:07:10","modified_gmt":"2011-07-21T11:07:10","slug":"renato-baretic","status":"publish","type":"page","link":"https:\/\/www.kucazapisce.hr\/it\/scrittori\/renato-baretic\/","title":{"rendered":"Renato Bareti\u0107"},"content":{"rendered":"<p><img loading=\"lazy\" decoding=\"async\" class=\"aligncenter size-medium wp-image-233\" title=\"renato_baretic\" src=\"http:\/\/kucazapisce.hr\/wp\/wp-content\/uploads\/2011\/10\/renato_baretic1-450x147.jpg\" alt=\"\" width=\"450\" height=\"147\" srcset=\"https:\/\/www.kucazapisce.hr\/wp\/wp-content\/uploads\/2011\/10\/renato_baretic1-450x147.jpg 450w, https:\/\/www.kucazapisce.hr\/wp\/wp-content\/uploads\/2011\/10\/renato_baretic1.jpg 541w\" sizes=\"auto, (max-width: 450px) 100vw, 450px\" \/><span><\/span><\/p>\n<p>Ve la potrei anche disegnare, farvi vedere le foto, ve la potrei raccontare, scrivere cento righe di testo, e comunque \u2013 non capirete lo stesso dov&#8217;\u00e8 e che cos&#8217;\u00e8 la Casa degli scrittori. Diciamolo &#8211; lo sapete benissimo dov&#8217;\u00e8 Pisino, forse ci siete stati e avete foto e ricordi, per\u00f2 n\u00e9 voi potete immaginare n\u00e9 io vi posso far capire e sentire la bellezza di una serata letteraria vissuta ad un solo passo dalla foiba che inghiotte la Pazin\u010dica, al tramonto, con nell&#8217;aria il sussurro (in fondo siamo in Istria: nessuno grida e lo stesso tutti si sentono) del torrente in piena&#8230;<\/p>\n<p>Ho una discreta esperienza di borse \u2013 soggiorno e sono impegnato da tempo a portare scrittori stranieri in soggiorni creativi in Croazia, quindi so perfettamente quanto ci si preoccupi di trovare all&#8217;autore ospite una sistemazione in una qualche localit\u00e0 mozzafiato o che almeno gli regali il primo, il pi\u00f9 importante, sorriso al mattino. La mia esperienza, lo ribadisco, \u00e8 discreta, ma con cognizione di causa posso affermare che non c&#8217;\u00e8 luogo pi\u00f9 folle, pi\u00f9 strano, pi\u00f9 ispirante e affascinante per raccontare nuove storie e descrivere mondi finora inesistenti.<\/p>\n<p>Di primo acchito la Casa degli scrittori potrebbe sembrare una di quelle degli annunci del tipo \u201cVendesi casa a tre piani nel centro di Spalato; 52,5 metri quadrati&#8230;\u201d, ma non appena la visitate da cima a fondo (e specifico che si inizia dal mezzo e quindi potete scegliere da dove iniziare; io suggerisco: cominciate dal basso!) capirete l&#8217;entusiasmo delle precedenti righe.<\/p>\n<p><span>Sono quasi due anni che non ho scritto niente al di fuori di un mucchio di testi giornalistici, a volte penso che nemmeno scriver\u00f2 pi\u00f9, ma dopo la recente permanenza nella Casa degli scrittori mi sembra che proprio qui testa e dita potrebbero riprendere a lavorare&#8230; <\/span><\/p>\n","protected":false},"excerpt":{"rendered":"<p>Ve la potrei anche disegnare, farvi vedere le foto, ve la potrei raccontare, scrivere cento righe di testo, e comunque \u2013 non capirete lo stesso dov&#8217;\u00e8 e che cos&#8217;\u00e8 la Casa degli scrittori. Diciamolo &#8211; lo sapete benissimo dov&#8217;\u00e8 Pisino, forse ci siete stati e avete foto e ricordi, per\u00f2 n\u00e9 voi potete immaginare n\u00e9 [&hellip;]<\/p>\n","protected":false},"author":3,"featured_media":0,"parent":3868,"menu_order":0,"comment_status":"closed","ping_status":"closed","template":"","meta":{"footnotes":""},"class_list":["post-3892","page","type-page","status-publish","hentry"],"_links":{"self":[{"href":"https:\/\/www.kucazapisce.hr\/it\/wp-json\/wp\/v2\/pages\/3892","targetHints":{"allow":["GET"]}}],"collection":[{"href":"https:\/\/www.kucazapisce.hr\/it\/wp-json\/wp\/v2\/pages"}],"about":[{"href":"https:\/\/www.kucazapisce.hr\/it\/wp-json\/wp\/v2\/types\/page"}],"author":[{"embeddable":true,"href":"https:\/\/www.kucazapisce.hr\/it\/wp-json\/wp\/v2\/users\/3"}],"replies":[{"embeddable":true,"href":"https:\/\/www.kucazapisce.hr\/it\/wp-json\/wp\/v2\/comments?post=3892"}],"version-history":[{"count":0,"href":"https:\/\/www.kucazapisce.hr\/it\/wp-json\/wp\/v2\/pages\/3892\/revisions"}],"up":[{"embeddable":true,"href":"https:\/\/www.kucazapisce.hr\/it\/wp-json\/wp\/v2\/pages\/3868"}],"wp:attachment":[{"href":"https:\/\/www.kucazapisce.hr\/it\/wp-json\/wp\/v2\/media?parent=3892"}],"curies":[{"name":"wp","href":"https:\/\/api.w.org\/{rel}","templated":true}]}}