{"id":3888,"date":"2011-07-13T10:58:48","date_gmt":"2011-07-13T10:58:48","guid":{"rendered":"https:\/\/www.kucazapisce.hr\/la-casa-degli-scrittori\/"},"modified":"2011-07-13T10:58:48","modified_gmt":"2011-07-13T10:58:48","slug":"la-casa-degli-scrittori","status":"publish","type":"page","link":"https:\/\/www.kucazapisce.hr\/it\/la-casa-degli-scrittori\/","title":{"rendered":"La casa degli scrittori"},"content":{"rendered":"<p>&nbsp;<\/p>\n<p><img loading=\"lazy\" decoding=\"async\" class=\"alignnone size-full wp-image-5\" title=\"Ku\u0107a za pisce \/ Hi\u017ea od besid \/ Casa degli scrittori\" src=\"http:\/\/kucazapisce.hr\/wp\/wp-content\/uploads\/2011\/09\/kuca-za-pisce-home.jpg\" alt=\"Ku\u0107a za pisce \/ Hi\u017ea od besid \/ Casa degli scrittori\" width=\"615\" height=\"353\" srcset=\"https:\/\/www.kucazapisce.hr\/wp\/wp-content\/uploads\/2011\/09\/kuca-za-pisce-home.jpg 615w, https:\/\/www.kucazapisce.hr\/wp\/wp-content\/uploads\/2011\/09\/kuca-za-pisce-home-300x172.jpg 300w\" sizes=\"auto, (max-width: 615px) 100vw, 615px\" \/><\/p>\n<p><em>Ku\u0107a za pisce \u2013 Hi\u017ea od besid \u2013 La Casa degli scrittori<\/em> \u00e8 una nuova istituzione culturale di Pisino e dell&#8217;Istria. Con la nascita della Casa sono state gettate le basi organizzative per lo sviluppo di nuovi modelli di vita letteraria in Istria e in Croazia: si tratta, insomma, di un importante ulteriore passo\u00a0 nello sviluppo dell&#8217;\u201dinfrastruttura\u201d dello spazio letterario nazionale, e ancor pi\u00f9 nell&#8217;apertura alla collaborazione internazionale e al dialogo.<\/p>\n<p><!--more-->La Casa \u00e8 situata in localit\u00e0 Buraj, nel cuore della citt\u00e0, centro storico tutelato in quanto monumento culturale. La vicinanza del Castello medievale e il fatto di sovrastare la Foiba la rendono ancor pi\u00f9 pittoresca. L&#8217;edificio in rovina, propriet\u00e0 della Citt\u00e0 di Pisino, \u00e8 stato rinnovato con i mezzi stanziati all&#8217;uopo dalla Regione Istriana e dalla Citt\u00e0 di Pisino. I lavori di recupero sono iniziati nel 2007 e sono stati ultimati nel novembre del 2009, quando la Casa \u00e8 stata inaugurata. Gli ambienti al\u00a0 pianoterra dell&#8217;edificio sono destinati all&#8217;uso pubblico (serate letterarie, corsi, lezioni e sim.), il monolocale al primo piano \u00e8 adibito ad alloggio per gli ospiti. Nella cerimonia inaugurale la Casa ha ospitato lo scrittore Robert Per\u0161i\u0107, ospite della prima serata letteraria. Successivamente la Casa ha ospitato Maja Vidmar, Zolt\u00e1n Medve, Milan Rakovac, Renato Bareti\u0107, Olja Savi\u010devic Ivan\u010devi\u0107, Sanja Lovren\u010di\u0107 e altri.<\/p>\n<p>Dalla sua inaugurazione, la Casa degli scrittori \u00e8 pensata per quanti si occupano di creativit\u00e0 letteraria in generale, e quindi autori, prosatori, poeti e drammaturghi, traduttori, teorici, storici della letteratura, pubblicisti, saggisti. Il Programma di attivit\u00e0 prevede di ospitare alcuni scrittori noti al pi\u00f9 vasto pubblico in Croazia, in modo da attirarlo alla lettura in pubblico degli autori e alle conversazioni. Certamente, verranno ospitati anche autori meno noti, ma comunque ritenuti di qualit\u00e0. \u00c8 necessario sottolineare che negli anni a venire la Casa degli scrittori intende aprire agli autori di una pi\u00f9 vasta regione, Balcani, Mediterraneo ed Europa centrale, il che consentirebbe di inserirsi nella rete delle citt\u00e0 della letteratura. Attraverso soggiorni <strong>XXX<\/strong> verranno ospitati autori stranieri, e certamente tali opportunit\u00e0 saranno da incentivo per gli autori croati a aderire a progetti simili nella pi\u00f9 vasta in regione.<\/p>\n<p><img loading=\"lazy\" decoding=\"async\" class=\"alignnone size-full wp-image-8\" title=\"Ku\u0107a za pisce \/ Hi\u017ea od besid \/ Casa degli scrittori\" src=\"http:\/\/kucazapisce.hr\/wp\/wp-content\/uploads\/2011\/09\/kuca-za-pisce-home-2.jpg\" alt=\"Ku\u0107a za pisce \/ Hi\u017ea od besid \/ Casa degli scrittori\" width=\"616\" height=\"271\" srcset=\"https:\/\/www.kucazapisce.hr\/wp\/wp-content\/uploads\/2011\/09\/kuca-za-pisce-home-2.jpg 616w, https:\/\/www.kucazapisce.hr\/wp\/wp-content\/uploads\/2011\/09\/kuca-za-pisce-home-2-300x131.jpg 300w\" sizes=\"auto, (max-width: 616px) 100vw, 616px\" \/><\/p>\n<p>&nbsp;<\/p>\n","protected":false},"excerpt":{"rendered":"<p>Ku\u0107a za pisce \u2013 Hi\u017ea od besid \u2013 La Casa degli scrittori \u00e8 una nuova istituzione culturale di Pisino e dell&#039;Istria. Con la nascita della Casa sono state gettate le basi organizzative per lo sviluppo di nuovi modelli di vita letteraria in Istria e in Croazia: si tratta, insomma, di un importante ulteriore passo  nello sviluppo dell&#039;\u201dinfrastruttura\u201d dello spazio letterario nazionale, e ancor pi\u00f9 nell&#039;apertura alla collaborazione internazionale e al dialogo.<\/p>\n","protected":false},"author":1,"featured_media":0,"parent":0,"menu_order":0,"comment_status":"closed","ping_status":"closed","template":"page-noborder.php","meta":{"footnotes":""},"class_list":["post-3888","page","type-page","status-publish","hentry"],"_links":{"self":[{"href":"https:\/\/www.kucazapisce.hr\/it\/wp-json\/wp\/v2\/pages\/3888","targetHints":{"allow":["GET"]}}],"collection":[{"href":"https:\/\/www.kucazapisce.hr\/it\/wp-json\/wp\/v2\/pages"}],"about":[{"href":"https:\/\/www.kucazapisce.hr\/it\/wp-json\/wp\/v2\/types\/page"}],"author":[{"embeddable":true,"href":"https:\/\/www.kucazapisce.hr\/it\/wp-json\/wp\/v2\/users\/1"}],"replies":[{"embeddable":true,"href":"https:\/\/www.kucazapisce.hr\/it\/wp-json\/wp\/v2\/comments?post=3888"}],"version-history":[{"count":0,"href":"https:\/\/www.kucazapisce.hr\/it\/wp-json\/wp\/v2\/pages\/3888\/revisions"}],"wp:attachment":[{"href":"https:\/\/www.kucazapisce.hr\/it\/wp-json\/wp\/v2\/media?parent=3888"}],"curies":[{"name":"wp","href":"https:\/\/api.w.org\/{rel}","templated":true}]}}