{"id":3876,"date":"2011-07-04T17:28:24","date_gmt":"2011-07-04T17:28:24","guid":{"rendered":"https:\/\/www.kucazapisce.hr\/maja-vidmar\/"},"modified":"2011-07-04T17:28:24","modified_gmt":"2011-07-04T17:28:24","slug":"maja-vidmar","status":"publish","type":"page","link":"https:\/\/www.kucazapisce.hr\/it\/scrittori\/maja-vidmar\/","title":{"rendered":"Maja Vidmar"},"content":{"rendered":"<p><img loading=\"lazy\" decoding=\"async\" class=\"aligncenter size-full wp-image-417\" title=\"maja_vidmar\" src=\"http:\/\/kucazapisce.hr\/wp\/wp-content\/uploads\/2011\/10\/maja_vidmar.jpg\" alt=\"\" width=\"300\" height=\"174\" \/><\/p>\n<p>Sono a Pisino da tre settimane. Tutto \u00e8 esattamente come ho sperato che fosse, eccetto il tempo. Anche se l&#8217;inverno tarda ad andarsene, gi\u00e0 tre settimane nel giardinetto della Casa degli scrittori fioriscono i campanellini. Fortunatamente nella Casa fa caldo, il climatizzatore funziona bene. Quando mi sveglio mi chiedo che cosa sussurri: il climatizzatore, la pioggia o la Pazin\u010dica? Naturalmente, tutti e tre.<\/p>\n<p>La gente di Pisino \u00e8 cordiale. Non solo alla Casa delle rimembranze, dove mi danno una mano e mi invitano ad ogni manifestazione; tutti sono cordiali. Non avrei mai detto che avrei fatto tanti incontri. Credevo che avrei avuto tanto tempo libero e allora ho raccolto tutti gli inviti: mostre, rappresentazioni teatrali, conferenze, lezioni, serate letterarie&#8230; e ora a grandi passi si avvicina il giorno del rientro a Lubiana. Temo di aver fatto poco, ma a conti fatti non \u00e8 cos\u00ec. Tra l&#8217;altro ho finito un libro di poesie e pi\u00f9 di ogni altra cosa ho riordinato i pensieri \u2013 concedendomi di non pensare.<\/p>\n<p>Quando non piove scendo alla Pazin\u010dica, e se il ponte non \u00e8 sommerso dall&#8217;acqua risalgo lungo il sentiero verso l&#8217;albergo. L&#8217;acqua mi affascina.<\/p>\n<p>A Pisino c&#8217;\u00e8 la pace che basta per leggere (qui ho letto quanto prima in due anni) e per scrivere. E questo \u00e8 il privilegio pi\u00f9 grande. Se potessi permettermi un mese cos\u00ec ogni anno!<\/p>\n","protected":false},"excerpt":{"rendered":"<p>Sono a Pisino da tre settimane. Tutto \u00e8 esattamente come ho sperato che fosse, eccetto il tempo. Anche se l&#8217;inverno tarda ad andarsene, gi\u00e0 tre settimane nel giardinetto della Casa degli scrittori fioriscono i campanellini. Fortunatamente nella Casa fa caldo, il climatizzatore funziona bene. Quando mi sveglio mi chiedo che cosa sussurri: il climatizzatore, la [&hellip;]<\/p>\n","protected":false},"author":1,"featured_media":0,"parent":3868,"menu_order":0,"comment_status":"closed","ping_status":"closed","template":"","meta":{"footnotes":""},"class_list":["post-3876","page","type-page","status-publish","hentry"],"_links":{"self":[{"href":"https:\/\/www.kucazapisce.hr\/it\/wp-json\/wp\/v2\/pages\/3876","targetHints":{"allow":["GET"]}}],"collection":[{"href":"https:\/\/www.kucazapisce.hr\/it\/wp-json\/wp\/v2\/pages"}],"about":[{"href":"https:\/\/www.kucazapisce.hr\/it\/wp-json\/wp\/v2\/types\/page"}],"author":[{"embeddable":true,"href":"https:\/\/www.kucazapisce.hr\/it\/wp-json\/wp\/v2\/users\/1"}],"replies":[{"embeddable":true,"href":"https:\/\/www.kucazapisce.hr\/it\/wp-json\/wp\/v2\/comments?post=3876"}],"version-history":[{"count":0,"href":"https:\/\/www.kucazapisce.hr\/it\/wp-json\/wp\/v2\/pages\/3876\/revisions"}],"up":[{"embeddable":true,"href":"https:\/\/www.kucazapisce.hr\/it\/wp-json\/wp\/v2\/pages\/3868"}],"wp:attachment":[{"href":"https:\/\/www.kucazapisce.hr\/it\/wp-json\/wp\/v2\/media?parent=3876"}],"curies":[{"name":"wp","href":"https:\/\/api.w.org\/{rel}","templated":true}]}}