{"id":3937,"date":"2012-07-09T10:21:54","date_gmt":"2012-07-09T10:21:54","guid":{"rendered":"https:\/\/www.kucazapisce.hr\/dorta-jagic\/"},"modified":"2012-07-09T10:21:54","modified_gmt":"2012-07-09T10:21:54","slug":"dorta-jagic","status":"publish","type":"page","link":"https:\/\/www.kucazapisce.hr\/en\/writers\/dorta-jagic\/","title":{"rendered":"Dorta Jagi\u0107"},"content":{"rendered":"<p style=\"text-align: center;\"><img loading=\"lazy\" decoding=\"async\" class=\"size-full wp-image-335 aligncenter\" title=\"dorta02-2\" src=\"http:\/\/kucazapisce.hr\/wp\/wp-content\/uploads\/2012\/03\/dorta02-2.jpg\" alt=\"\" width=\"219\" height=\"277\" \/><\/p>\n<p>A month away from the whims of urban living. A month in Pazin, like a whole light year. Sounds like a good beginning of a story and a great beginning of a year. This 2012 started exceptionally well for me. I got a sunny February in Pazin while the rest of the country was covered with snow. And far enough not to disturb the donated solitude.<\/p>\n<p>To be alone for a longer period of time is an extraordinary privilege for a writer. Yet, solitude in The House of Writers is no ordinary solitude but an aristocratic delicacy. This luxurious solitude of mine was from time to time enriched on coffee breaks and public readings by the good spirit and queen of the Public Library Iva Ciceran, my beautiful fellow poet Branko Vasiljevi\u0107 and a living encyclopedia Davor \u0160i\u0161ovi\u0107. Their stories and life trifles cheered me up as much as did several encounters with unusual adventurers like Pazin Indians on horses that I met on the field above the Cave, or burly rubber boat riders from the Sava river to the Black sea, and professor Majda who spends her summer vacations volunteering in a Tanzanian orphanage.<\/p>\n<p>In The House it\u2019s only me and a computer, several books and a beautiful view from the balcony. Dramatic beauty of the Pazin Cave greets me every morning with excited birds flying low above the chasm. On top of the cliff to the right an ancient serene Ka\u0161tel from which Jules Verne\u2019s Mathias Sandorf fled provides extra incentive to the spirit. Next to it a ruin of the palace reminds of the one from Poe\u2019s short story \u201cThe Fall of the House of Usher\u201d.<\/p>\n<p>I\u2019ll remember Pazin after an amazing contrast \u2013 days soft as spring and Siberian cold nights. The wind howls during night, whistles through dark empty streets. Luckily, in The House of Writers it\u2019s warm and quiet, homelike. No one else is there and the phone is not ringing. I start the computer. All is set for an adventure.<\/p>\n","protected":false},"excerpt":{"rendered":"<p>A month away from the whims of urban living. A month in Pazin, like a whole light year. Sounds like a good beginning of a story and a great beginning of a year. This 2012 started exceptionally well for me. I got a sunny February in Pazin while the rest of the country was covered [&hellip;]<\/p>\n","protected":false},"author":3,"featured_media":0,"parent":3867,"menu_order":0,"comment_status":"closed","ping_status":"closed","template":"","meta":{"footnotes":""},"class_list":["post-3937","page","type-page","status-publish","hentry"],"_links":{"self":[{"href":"https:\/\/www.kucazapisce.hr\/en\/wp-json\/wp\/v2\/pages\/3937","targetHints":{"allow":["GET"]}}],"collection":[{"href":"https:\/\/www.kucazapisce.hr\/en\/wp-json\/wp\/v2\/pages"}],"about":[{"href":"https:\/\/www.kucazapisce.hr\/en\/wp-json\/wp\/v2\/types\/page"}],"author":[{"embeddable":true,"href":"https:\/\/www.kucazapisce.hr\/en\/wp-json\/wp\/v2\/users\/3"}],"replies":[{"embeddable":true,"href":"https:\/\/www.kucazapisce.hr\/en\/wp-json\/wp\/v2\/comments?post=3937"}],"version-history":[{"count":0,"href":"https:\/\/www.kucazapisce.hr\/en\/wp-json\/wp\/v2\/pages\/3937\/revisions"}],"up":[{"embeddable":true,"href":"https:\/\/www.kucazapisce.hr\/en\/wp-json\/wp\/v2\/pages\/3867"}],"wp:attachment":[{"href":"https:\/\/www.kucazapisce.hr\/en\/wp-json\/wp\/v2\/media?parent=3937"}],"curies":[{"name":"wp","href":"https:\/\/api.w.org\/{rel}","templated":true}]}}