{"id":3904,"date":"2012-06-08T08:08:20","date_gmt":"2012-06-08T08:08:20","guid":{"rendered":"https:\/\/www.kucazapisce.hr\/miroslav-kirin\/"},"modified":"2012-06-08T08:08:20","modified_gmt":"2012-06-08T08:08:20","slug":"miroslav-kirin","status":"publish","type":"page","link":"https:\/\/www.kucazapisce.hr\/en\/writers\/miroslav-kirin\/","title":{"rendered":"Miroslav Kirin"},"content":{"rendered":"<p>It\u2019s impossible to resist starting this writing with an appropriate quoting: \u201cMidway upon the journey of our life \/ I found myself within a forest dark \/ For the straightforward pathway had been lost. \/ Ah me! How hard a thing it is to say \/ what was this forest savage, rough, and stern! \/ Which in the very thought renews the fear.\u201d These are the well known lines from the first translation of \u201cInferno\u201d to Chakavian done by Slavko Kal\u010di\u0107, that I read in Pazin. Pazin is, of course, everything but Dante\u2019s vision of hell, rather its antithesis, except for dogs in Pazin that used to quite redirect my aleatoric walks through the town and its surroundings.<\/p>\n<p>The dogs of Pazin: the silence of the starving stray dogs, like the ones from Bosch\u2019s paintings, on the main square, unbelievably loud ones in private yards, paired barking from the kennels along the Pot\u00f3k stream.<\/p>\n<p>Entering the House of Writers one notices two things \u2013 one door leading into the House and out on the street, the other is a way to the Imaginary (chasm, forest, Pot\u00f3k, birds, Dante, Jules Verne, poetry\u2026). When I participated in public reading in May during the International Publishers Meeting \u201cJourney to the Centre of Europe\u201d, that also granted me a fellowship, I realised that Pazin was a town to my liking, that I could start living here without hesitation. Simple town centre with a standard number of caf\u00e9s, relaxed people, a town park (that enchanted me with its botanical diversity, since breadfruit tree grows next to cornel tree and chestnut next to ginkgo\u2026). I\u2019m still discovering it on a daily basis, although the last day of my month&#8217;s stay here is approaching. During the time I shared the House with my wife, we thoroughly explored villages assembled around medieval churches. The host at the tourist office treated us with an appropriate name <em>bisci<\/em> (we used to order grappa with biska \u2013 mistletoes &#8211; from her). So, <em>bisci<\/em> were exploring Istria while reading the expert in the field, Branko Fu\u010di\u0107.<\/p>\n<p>Except for the nature, which yields to me singing every morning when I open the balcony door, Pazin is made up of people. A hardworking, secretive gardener, owner of a wonderful uptown garden; an artist and a blacksmith of elusive shapes, manufacturer of medals and enthusiast; the author of the guide book \u201cTrees in urban space of Pazin\u201d who pointed out the unique value of Pazin parks; SF lover and writer, initiator of a variety of different cultural happenings; employers of the Pazin Open University \u2013 my favourite hosts; my pathfinder (\u201cputopelj\u201d as coined by Slavko Kal\u010di\u0107) along the coasts of the stream Pot\u00f3k to the Pazianski krov waterfall and the old bridge, my fellow poet and Goran Award co-winner ; young girl selling goat\u2019s curd on the market; the old lady offering me her rape tomatoes adding some peppers; intellectual waitresses for conversations on photography, poetry and philosophy; and the sequence is constantly chaining up. You can really write in the House, at least I could since, I hope, I succeeded in my intention to write the most of my future book on photography. And taking photographs? In Pazin? Only asleep I wasn&#8217;t taking photographs.<\/p>\n<p>And the word (to describe the House)? <em>Profoundness<\/em> rather than clearness.<\/p>\n<p>Miroslav Kirin, in Pazin July\/August 2011<\/p>\n","protected":false},"excerpt":{"rendered":"<p>It\u2019s impossible to resist starting this writing with an appropriate quoting: \u201cMidway upon the journey of our life \/ I found myself within a forest dark \/ For the straightforward pathway had been lost. \/ Ah me! How hard a thing it is to say \/ what was this forest savage, rough, and stern! \/ [&hellip;]<\/p>\n","protected":false},"author":3,"featured_media":0,"parent":3867,"menu_order":0,"comment_status":"closed","ping_status":"closed","template":"","meta":{"footnotes":""},"class_list":["post-3904","page","type-page","status-publish","hentry"],"_links":{"self":[{"href":"https:\/\/www.kucazapisce.hr\/en\/wp-json\/wp\/v2\/pages\/3904","targetHints":{"allow":["GET"]}}],"collection":[{"href":"https:\/\/www.kucazapisce.hr\/en\/wp-json\/wp\/v2\/pages"}],"about":[{"href":"https:\/\/www.kucazapisce.hr\/en\/wp-json\/wp\/v2\/types\/page"}],"author":[{"embeddable":true,"href":"https:\/\/www.kucazapisce.hr\/en\/wp-json\/wp\/v2\/users\/3"}],"replies":[{"embeddable":true,"href":"https:\/\/www.kucazapisce.hr\/en\/wp-json\/wp\/v2\/comments?post=3904"}],"version-history":[{"count":0,"href":"https:\/\/www.kucazapisce.hr\/en\/wp-json\/wp\/v2\/pages\/3904\/revisions"}],"up":[{"embeddable":true,"href":"https:\/\/www.kucazapisce.hr\/en\/wp-json\/wp\/v2\/pages\/3867"}],"wp:attachment":[{"href":"https:\/\/www.kucazapisce.hr\/en\/wp-json\/wp\/v2\/media?parent=3904"}],"curies":[{"name":"wp","href":"https:\/\/api.w.org\/{rel}","templated":true}]}}