{"id":3949,"date":"2013-02-07T20:53:24","date_gmt":"2013-02-07T20:53:24","guid":{"rendered":"https:\/\/www.kucazapisce.hr\/srdan-srdic\/"},"modified":"2013-02-07T20:53:24","modified_gmt":"2013-02-07T20:53:24","slug":"srdan-srdic","status":"publish","type":"page","link":"https:\/\/www.kucazapisce.hr\/de\/autoren\/srdan-srdic\/","title":{"rendered":"Sr\u0111an Srdi\u0107"},"content":{"rendered":"<p><a href=\"http:\/\/kucazapisce.hr\/pisci\/srdan-srdic\/srdjans\/\" rel=\"attachment wp-att-750\"><img loading=\"lazy\" decoding=\"async\" class=\"aligncenter size-full wp-image-750\" title=\"srdjans\" src=\"http:\/\/kucazapisce.hr\/wp\/wp-content\/uploads\/2013\/02\/srdjans.jpg\" alt=\"\" width=\"220\" height=\"279\" \/><\/a><\/p>\n<p>Ich habe Januar im Haus verbracht. Haupts\u00e4chlich mit Schreiben. Es ist mir passiert, dass ich einige Tage nicht aus dem Haus herausgekommen bin. Gew\u00f6hnlich passieren einem solche Sachen nicht. Wenn im Haus ganz still ist, kann man den Schall aus der H\u00f6hle h\u00f6ren. Das Brausen aus der H\u00f6hle. Davor meint es gibt ein Ungeheuer dort, unten. Es vergingen Wochen und es regnete. Es war nicht Helsinki, aber ich w\u00fcrde sagen nicht viel anders. Ich musste mich nicht rasieren. Ich musste nichts. Gew\u00f6hnlich ist es nicht so. Eine Nacht kam ich von irgendwo zur\u00fcck und das Haus war von Nebel eingeh\u00fcllt. Die Sachen \u00e4ndern ihre Form und es ist halt so. Ich schrieb. Der Text \u00e4nderte sich. Davor machte sich Sorgen, er dachte ich bin gestorben. Iva wusste besser. Iva wei\u00df alles, sie ist die beste Gastgeberin im ganzen Mexiko. Ich habe im Haus ein Buch geschrieben. Manche sagen, es sei gut. Ich lernte Leute kennen, die gut waren.<\/p>\n<p>Gew\u00f6hnlich geschehen einem solche Sachen nicht.<\/p>\n","protected":false},"excerpt":{"rendered":"<p>Ich habe Januar im Haus verbracht. Haupts\u00e4chlich mit Schreiben. Es ist mir passiert, dass ich einige Tage nicht aus dem Haus herausgekommen bin. Gew\u00f6hnlich passieren einem solche Sachen nicht. Wenn im Haus ganz still ist, kann man den Schall aus der H\u00f6hle h\u00f6ren. Das Brausen aus der H\u00f6hle. Davor meint es gibt ein Ungeheuer dort, [&hellip;]<\/p>\n","protected":false},"author":3,"featured_media":0,"parent":3869,"menu_order":0,"comment_status":"open","ping_status":"open","template":"","meta":{"footnotes":""},"class_list":["post-3949","page","type-page","status-publish","hentry"],"_links":{"self":[{"href":"https:\/\/www.kucazapisce.hr\/de\/wp-json\/wp\/v2\/pages\/3949","targetHints":{"allow":["GET"]}}],"collection":[{"href":"https:\/\/www.kucazapisce.hr\/de\/wp-json\/wp\/v2\/pages"}],"about":[{"href":"https:\/\/www.kucazapisce.hr\/de\/wp-json\/wp\/v2\/types\/page"}],"author":[{"embeddable":true,"href":"https:\/\/www.kucazapisce.hr\/de\/wp-json\/wp\/v2\/users\/3"}],"replies":[{"embeddable":true,"href":"https:\/\/www.kucazapisce.hr\/de\/wp-json\/wp\/v2\/comments?post=3949"}],"version-history":[{"count":0,"href":"https:\/\/www.kucazapisce.hr\/de\/wp-json\/wp\/v2\/pages\/3949\/revisions"}],"up":[{"embeddable":true,"href":"https:\/\/www.kucazapisce.hr\/de\/wp-json\/wp\/v2\/pages\/3869"}],"wp:attachment":[{"href":"https:\/\/www.kucazapisce.hr\/de\/wp-json\/wp\/v2\/media?parent=3949"}],"curies":[{"name":"wp","href":"https:\/\/api.w.org\/{rel}","templated":true}]}}