{"id":3893,"date":"2011-07-21T11:07:10","date_gmt":"2011-07-21T11:07:10","guid":{"rendered":"https:\/\/www.kucazapisce.hr\/renato-baretic\/"},"modified":"2011-07-21T11:07:10","modified_gmt":"2011-07-21T11:07:10","slug":"renato-baretic","status":"publish","type":"page","link":"https:\/\/www.kucazapisce.hr\/de\/autoren\/renato-baretic\/","title":{"rendered":"Renato Bareti\u0107"},"content":{"rendered":"<p><img loading=\"lazy\" decoding=\"async\" class=\"aligncenter size-medium wp-image-233\" title=\"renato_baretic\" src=\"http:\/\/kucazapisce.hr\/wp\/wp-content\/uploads\/2011\/10\/renato_baretic1-450x147.jpg\" alt=\"\" width=\"450\" height=\"147\" srcset=\"https:\/\/www.kucazapisce.hr\/wp\/wp-content\/uploads\/2011\/10\/renato_baretic1-450x147.jpg 450w, https:\/\/www.kucazapisce.hr\/wp\/wp-content\/uploads\/2011\/10\/renato_baretic1.jpg 541w\" sizes=\"auto, (max-width: 450px) 100vw, 450px\" \/><\/p>\n<p>Ich kann es euch zeichnen, euch Fotos davon zeigen, euch erz\u00e4hlen, hunderte Textzeilen schreiben, und ihr werdet trotzdem nicht verstehen, was, wo und wie das Literaturhaus wirklich ist. Weil \u2013 ihr wisst ja wo sich Pazin befindet, vielleicht wart ihr auch schon mal dort und habt Fotos und Erinnerungen von dort, aber weder habt ihr eine Ahnung, noch kann ich euch darstellen, wie sch\u00f6n, gut und angenehm es ist, am literarischen Abend aufzutreten, nur einen Schritt von der Paziner Schlucht entfernt, bei Abendd\u00e4mmerung, beim leisen Rauschen (Istrien ist das, niemand schreit hier, und jeder h\u00f6rt jeden rechtzeitig) des angeschwollenen Pazin\u010dica&#8230;<\/p>\n<p>Ich habe einige bescheidene Erfahrungen mit den literarischen Stipendien, und bin gewisserma\u00dfen an der Zubringung der ausl\u00e4ndischen Schriftsteller zur einmonatigen kreativen Aufenthalten in Kroatien beteiligt, also ich wei\u00df, dass jeder versucht, eine atemberaubende Unterbringung f\u00fcr den Gastschriftsteller zu finden, oder wenigstens eine, die f\u00fcr das erste, wichtigste Morgenl\u00e4cheln sorgt. Wie gesagt, meine Erfahrungen sind bescheiden, aber ich kann ziemlich selbstbewusst sagen, es besteht kein mehr verr\u00fcckter, wahnsinniger, inspirierender und faszinierender Ort f\u00fcr das Schreiben neuer Geschichten und Beschreibung der bis dahin unbekannten Welten.<\/p>\n<p>Auf den ersten Anblick kann euch das Schriftstellerhaus als eins aus den Anzeigen \u201eIch verkaufe ein Haus mit 3 Etagen im Zentrum von Split, 52,5 m2&#8230;&#8220; vorkommen, aber sobald ihr diese von oben bis unten umgeht (und man beginnt in der Mitte, so k\u00f6nnt ihr ausw\u00e4hlen, wo ihr beginnt, ich empfehle \u2013 beginnt von unten!), wird euch meine Begeisterung aus den obigen Zeilen klar.<\/p>\n<p>Fast zwei Jahre habe ich nichts au\u00dfer einem Haufen journalistischer Texte geschrieben. Mir geht manchmal durch den Kopf, ich werde auch nie mehr was schreiben, aber neulich nach dem Literaturhausbesuch kommt es mir vor, dass gerade hier meine Finger und mein Kopf doch wieder in Schwung kommen k\u00f6nnten&#8230;<\/p>\n","protected":false},"excerpt":{"rendered":"<p>Ich kann es euch zeichnen, euch Fotos davon zeigen, euch erz\u00e4hlen, hunderte Textzeilen schreiben, und ihr werdet trotzdem nicht verstehen, was, wo und wie das Literaturhaus wirklich ist. Weil \u2013 ihr wisst ja wo sich Pazin befindet, vielleicht wart ihr auch schon mal dort und habt Fotos und Erinnerungen von dort, aber weder habt ihr [&hellip;]<\/p>\n","protected":false},"author":3,"featured_media":0,"parent":3869,"menu_order":0,"comment_status":"closed","ping_status":"closed","template":"","meta":{"footnotes":""},"class_list":["post-3893","page","type-page","status-publish","hentry"],"_links":{"self":[{"href":"https:\/\/www.kucazapisce.hr\/de\/wp-json\/wp\/v2\/pages\/3893","targetHints":{"allow":["GET"]}}],"collection":[{"href":"https:\/\/www.kucazapisce.hr\/de\/wp-json\/wp\/v2\/pages"}],"about":[{"href":"https:\/\/www.kucazapisce.hr\/de\/wp-json\/wp\/v2\/types\/page"}],"author":[{"embeddable":true,"href":"https:\/\/www.kucazapisce.hr\/de\/wp-json\/wp\/v2\/users\/3"}],"replies":[{"embeddable":true,"href":"https:\/\/www.kucazapisce.hr\/de\/wp-json\/wp\/v2\/comments?post=3893"}],"version-history":[{"count":0,"href":"https:\/\/www.kucazapisce.hr\/de\/wp-json\/wp\/v2\/pages\/3893\/revisions"}],"up":[{"embeddable":true,"href":"https:\/\/www.kucazapisce.hr\/de\/wp-json\/wp\/v2\/pages\/3869"}],"wp:attachment":[{"href":"https:\/\/www.kucazapisce.hr\/de\/wp-json\/wp\/v2\/media?parent=3893"}],"curies":[{"name":"wp","href":"https:\/\/api.w.org\/{rel}","templated":true}]}}