{"id":3885,"date":"2011-07-04T17:29:17","date_gmt":"2011-07-04T17:29:17","guid":{"rendered":"https:\/\/www.kucazapisce.hr\/robert-perisic\/"},"modified":"2011-07-04T17:29:17","modified_gmt":"2011-07-04T17:29:17","slug":"robert-perisic","status":"publish","type":"page","link":"https:\/\/www.kucazapisce.hr\/de\/autoren\/robert-perisic\/","title":{"rendered":"Robert Peri\u0161i\u0107"},"content":{"rendered":"<p><img loading=\"lazy\" decoding=\"async\" class=\"alignnone size-medium wp-image-87\" title=\"3[1]. Kuca za pisce u Pazinu - R. Perisic\" src=\"http:\/\/kucazapisce.hr\/wp\/wp-content\/uploads\/2011\/10\/31.-Kuca-za-pisce-u-Pazinu-R.-Perisic-300x224.jpg\" alt=\"\" width=\"300\" height=\"224\" srcset=\"https:\/\/www.kucazapisce.hr\/wp\/wp-content\/uploads\/2011\/10\/31.-Kuca-za-pisce-u-Pazinu-R.-Perisic-300x224.jpg 300w, https:\/\/www.kucazapisce.hr\/wp\/wp-content\/uploads\/2011\/10\/31.-Kuca-za-pisce-u-Pazinu-R.-Perisic-615x461.jpg 615w\" sizes=\"auto, (max-width: 300px) 100vw, 300px\" \/><\/p>\n<p>Am 16. Dezember 2009 wurde das Literaturhaus festlich er\u00f6ffnet. Der erste Gast war Robert Peri\u0161i\u0107. Er bewohnte das Haus eine Woche, und war der Gast des ersten Literaturabends.<\/p>\n","protected":false},"excerpt":{"rendered":"<p>Am 16. Dezember 2009 wurde das Literaturhaus festlich er\u00f6ffnet. Der erste Gast war Robert Peri\u0161i\u0107. Er bewohnte das Haus eine Woche, und war der Gast des ersten Literaturabends.<\/p>\n","protected":false},"author":1,"featured_media":0,"parent":3869,"menu_order":0,"comment_status":"closed","ping_status":"closed","template":"","meta":{"footnotes":""},"class_list":["post-3885","page","type-page","status-publish","hentry"],"_links":{"self":[{"href":"https:\/\/www.kucazapisce.hr\/de\/wp-json\/wp\/v2\/pages\/3885","targetHints":{"allow":["GET"]}}],"collection":[{"href":"https:\/\/www.kucazapisce.hr\/de\/wp-json\/wp\/v2\/pages"}],"about":[{"href":"https:\/\/www.kucazapisce.hr\/de\/wp-json\/wp\/v2\/types\/page"}],"author":[{"embeddable":true,"href":"https:\/\/www.kucazapisce.hr\/de\/wp-json\/wp\/v2\/users\/1"}],"replies":[{"embeddable":true,"href":"https:\/\/www.kucazapisce.hr\/de\/wp-json\/wp\/v2\/comments?post=3885"}],"version-history":[{"count":0,"href":"https:\/\/www.kucazapisce.hr\/de\/wp-json\/wp\/v2\/pages\/3885\/revisions"}],"up":[{"embeddable":true,"href":"https:\/\/www.kucazapisce.hr\/de\/wp-json\/wp\/v2\/pages\/3869"}],"wp:attachment":[{"href":"https:\/\/www.kucazapisce.hr\/de\/wp-json\/wp\/v2\/media?parent=3885"}],"curies":[{"name":"wp","href":"https:\/\/api.w.org\/{rel}","templated":true}]}}