{"id":3877,"date":"2011-07-04T17:28:24","date_gmt":"2011-07-04T17:28:24","guid":{"rendered":"https:\/\/www.kucazapisce.hr\/maja-vidmar\/"},"modified":"2011-07-04T17:28:24","modified_gmt":"2011-07-04T17:28:24","slug":"maja-vidmar","status":"publish","type":"page","link":"https:\/\/www.kucazapisce.hr\/de\/autoren\/maja-vidmar\/","title":{"rendered":"Maja Vidmar"},"content":{"rendered":"<p><img loading=\"lazy\" decoding=\"async\" class=\"aligncenter size-full wp-image-417\" title=\"maja_vidmar\" src=\"http:\/\/kucazapisce.hr\/wp\/wp-content\/uploads\/2011\/10\/maja_vidmar.jpg\" alt=\"\" width=\"300\" height=\"174\" \/><\/p>\n<p>Schon drei Wochen bin ich jetzt in Pazin. Alles ist so wie ich es erhofft habe, au\u00dfer dem Wetter. In der Schlucht unter dem Haus bl\u00fchen schon drei Wochen die Schneegl\u00f6ckchen, aber der Winter l\u00e4sst nicht nach. Gl\u00fccklicherweise ist warm im Haus, die Klimaanlage heizt gut. Wenn ich aufwache, versuche ich immer wieder zu raten, was da rauscht: die Klimaanlage, der Regen oder der Pazinci\u010dica-Bach? Alle drei naturlich.<\/p>\n<p>Die Leute in Pazin sind sehr freundlich. Nicht nur die in <em>Spomen dom<\/em>, wo sie mir immer helfen und mich zu jeder Veranstaltung einladen, alle sind freundlich. Ich habe nicht so viel Kontakt mit anderen Menschen erwartet. Mit dem Gedanken viel Zeit zu haben, nahm ich jede Einladung dankbar an: Ausstellung, Theatervorstellung, Reisevorlesung, Buchvorstellung \u2026 und jetzt n\u00e4hert sich der Tag meiner Abreise nach Leibach. Ich bef\u00fcrchte, wenig geschafft zu haben, was eigentlich nicht stimmt. Ich habe unter anderem mein Peosiebuch beendet und \u00a0vor allem meine Gedanken und Absichten \u00bbgeordnet\u00ab &#8211; indem ich mir erlaubt habe, nicht zu denken. Unten am Wasser gelingt es am besten.<\/p>\n<p>Wenn es nicht regnet, steige ich die Treppen in die Schlucht zum Pazin\u010dica-Bach hinunter, \u00fcber die Br\u00fccke, wenn nicht \u00fcberschwemmt, und den Wanderweg zum Hotel auf. Das Wasser ergreift mich jedesmal. Einiges Gleiche kommt beim Fels immer wieder auseinander und vereinigt sich in wilder Umarmung auf der anderen Seite. Dem k\u00f6nnte ich unafh\u00f6rlich zuschauen.<\/p>\n<p>In Pazin habe ich genug Ruhe zum Lesen (ich habe mehr gelesen als in den letzten zwei Jahren) und genug Ruhe zum Schreiben. Das ist das gr\u00f6\u00dfte Privileg. Wenn ich mir nur jeden Jahres einen solchen Schreibmonat g\u00f6nnen k\u00f6nnte!<\/p>\n","protected":false},"excerpt":{"rendered":"<p>Schon drei Wochen bin ich jetzt in Pazin. Alles ist so wie ich es erhofft habe, au\u00dfer dem Wetter. In der Schlucht unter dem Haus bl\u00fchen schon drei Wochen die Schneegl\u00f6ckchen, aber der Winter l\u00e4sst nicht nach. Gl\u00fccklicherweise ist warm im Haus, die Klimaanlage heizt gut. Wenn ich aufwache, versuche ich immer wieder zu raten, [&hellip;]<\/p>\n","protected":false},"author":1,"featured_media":0,"parent":3869,"menu_order":0,"comment_status":"closed","ping_status":"closed","template":"","meta":{"footnotes":""},"class_list":["post-3877","page","type-page","status-publish","hentry"],"_links":{"self":[{"href":"https:\/\/www.kucazapisce.hr\/de\/wp-json\/wp\/v2\/pages\/3877","targetHints":{"allow":["GET"]}}],"collection":[{"href":"https:\/\/www.kucazapisce.hr\/de\/wp-json\/wp\/v2\/pages"}],"about":[{"href":"https:\/\/www.kucazapisce.hr\/de\/wp-json\/wp\/v2\/types\/page"}],"author":[{"embeddable":true,"href":"https:\/\/www.kucazapisce.hr\/de\/wp-json\/wp\/v2\/users\/1"}],"replies":[{"embeddable":true,"href":"https:\/\/www.kucazapisce.hr\/de\/wp-json\/wp\/v2\/comments?post=3877"}],"version-history":[{"count":0,"href":"https:\/\/www.kucazapisce.hr\/de\/wp-json\/wp\/v2\/pages\/3877\/revisions"}],"up":[{"embeddable":true,"href":"https:\/\/www.kucazapisce.hr\/de\/wp-json\/wp\/v2\/pages\/3869"}],"wp:attachment":[{"href":"https:\/\/www.kucazapisce.hr\/de\/wp-json\/wp\/v2\/media?parent=3877"}],"curies":[{"name":"wp","href":"https:\/\/api.w.org\/{rel}","templated":true}]}}