{"id":3873,"date":"2011-07-04T11:11:26","date_gmt":"2011-07-04T11:11:26","guid":{"rendered":"https:\/\/www.kucazapisce.hr\/pazin-istrien\/"},"modified":"2011-07-04T11:11:26","modified_gmt":"2011-07-04T11:11:26","slug":"pazin-istrien","status":"publish","type":"page","link":"https:\/\/www.kucazapisce.hr\/de\/pazin-istrien\/","title":{"rendered":"Pazin \/ Istrien"},"content":{"rendered":"<p><img loading=\"lazy\" decoding=\"async\" class=\"alignnone size-full wp-image-26\" title=\"Istra 1\" src=\"http:\/\/kucazapisce.hr\/wp\/wp-content\/uploads\/2011\/10\/istra1.jpg\" alt=\"\" width=\"614\" height=\"352\" srcset=\"https:\/\/www.kucazapisce.hr\/wp\/wp-content\/uploads\/2011\/10\/istra1.jpg 614w, https:\/\/www.kucazapisce.hr\/wp\/wp-content\/uploads\/2011\/10\/istra1-300x171.jpg 300w\" sizes=\"auto, (max-width: 614px) 100vw, 614px\" \/><\/p>\n<blockquote class=\"right\"><p>\u00a0Zum ersten Mal am 7.VI.983. in der Urkunde des Kaisers Otto II. als \u201eCastrum Pisinum\u201c erw\u00e4hnt.<\/p><\/blockquote>\n<p>Pazin (italienisch Pisino, deutsch Mitterburg) ist eine Stadt im zentralen Teil Istriens. Sie liegt \u00fcber dem Karstabgrund einer Schlucht (Paziner Schlucht), wo Pazin\u010dica untergeht und stellt das Zentrum des Wirtschafts, Kultur-, Bildungs- und Sportlebens Zentralistriens dar. Auch der Verwaltungssitz der Gespannschaft Istrien (Versammlung, Beh\u00f6rden) befindet sich in Pazin. Obwohl sich die Stadt um das feudale Kastell entwickelte, wird sie im XIX. und XX. Jahrhundert zur Schnittstelle der wichtigen Stra\u00dfenwege (Stra\u00dfe Pula-Rijeka und Lokalwege nach Pore\u010d, Buzet, Labin und \u017dminj). Ihre Verkehrsbedeutung steigt insbesondere durch den Ausbau der Eisenbahnstrecke Pula \u2013 Diva\u010da in 1876.<\/p>\n<p>Zum ersten Mal wird sie am 7.VI.983. in der Urkunde des Kaisers Otto II. als \u201eCastrum Pisinum\u201c erw\u00e4hnt. Die Ortschaft stammt aus dem IX. Jahrhundert, vielleicht auch fr\u00fcher, obwohl keine Spuren einer pr\u00e4historischen und antiken Besiedlung bestehen.<\/p>\n<p>Pazin\u010dica oder Pazinski potok ist der Hauptfluss des istrischen l\u00e4ngsten Karstflusses, welches das Wasser aus dem mild gelegenen und ausgestreckten flyschsteinigen Flussgebiet bezieht. Er quellt im Hinterland von Borut und hat einige Nebenfl\u00fcsse (Brestovica, Toplica, Lipa, Rakov potok und Frne\u017ear) und einige zeitweilige Sturzb\u00e4che, die alle in den Abgrund der Paziner Schlucht einflie\u00dfen.<br \/>\nDie Paziner Schlucht, Schluckloch von Pazin\u010dica, befindet sich in Pazin und wurde zur gesch\u00fctzten Landschaft erkl\u00e4rt. Die \u00d6ffnung der Paziner Schlucht liegt unterhalb des 198 m hohen mit H\u00e4usern bebauten Felses, am Ende des einige Hunderte Meter langen und tief eingeschnittenen Pazin\u010dica-Canons.<\/p>\n<p>Quelle: Istrische Enzyklop\u00e4die. Zagreb: Leksikografski zavod Miroslav Krle\u017ea, 2005. S.573-577<\/p>\n<p><img loading=\"lazy\" decoding=\"async\" class=\"alignnone size-full wp-image-27\" title=\"Istra 2\" src=\"http:\/\/kucazapisce.hr\/wp\/wp-content\/uploads\/2011\/10\/istra2.jpg\" alt=\"\" width=\"616\" height=\"269\" srcset=\"https:\/\/www.kucazapisce.hr\/wp\/wp-content\/uploads\/2011\/10\/istra2.jpg 616w, https:\/\/www.kucazapisce.hr\/wp\/wp-content\/uploads\/2011\/10\/istra2-300x131.jpg 300w\" sizes=\"auto, (max-width: 616px) 100vw, 616px\" \/><\/p>\n<h2>Istrien<\/h2>\n<p>Istrien ist die gr\u00f6\u00dfte kroatische Halbinsel im h\u00f6chsten Nordwesten der Adria. Istrien war seit immer \u00a0eine sehr vielf\u00e4ltige, einzigartige Gegend, wo reichliche Gr\u00fcnfelder, fruchtbares Inland und die lange, bildhafte K\u00fcste mit zahlreichen Kleininseln und Buchten harmonisch aufeinandertreffen. Aufgrund seiner geographischen Lage ist dieses Gebiet leicht erreichbar, und sein mildes mediterranes Klima l\u00e4dt die G\u00e4ste das ganze Jahr durch ein. Kein anderer Ort in der Welt kann Ihnen so viel auf einmal anbieten. St\u00fcrmische Geschichte und verschiedene Eroberer haben ihre Spuren und das heute bekannte Kulturerbe hinterlassen, und der flei\u00dfige und geduldige istrische Mensch hat all dem eine noch gr\u00f6\u00dfere und wichtigere Bedeutung gegeben.<\/p>\n<p>Text \u00fcbernommen von: www.istria24.com<\/p>\n<p><img loading=\"lazy\" decoding=\"async\" class=\"alignnone size-full wp-image-28\" title=\"Istra 3\" src=\"http:\/\/kucazapisce.hr\/wp\/wp-content\/uploads\/2011\/10\/istra3.jpg\" alt=\"\" width=\"615\" height=\"624\" srcset=\"https:\/\/www.kucazapisce.hr\/wp\/wp-content\/uploads\/2011\/10\/istra3.jpg 615w, https:\/\/www.kucazapisce.hr\/wp\/wp-content\/uploads\/2011\/10\/istra3-295x300.jpg 295w\" sizes=\"auto, (max-width: 615px) 100vw, 615px\" \/><\/p>\n","protected":false},"excerpt":{"rendered":"<p>\u00a0Zum ersten Mal am 7.VI.983. in der Urkunde des Kaisers Otto II. als \u201eCastrum Pisinum\u201c erw\u00e4hnt. Pazin (italienisch Pisino, deutsch Mitterburg) ist eine Stadt im zentralen Teil Istriens. Sie liegt \u00fcber dem Karstabgrund einer Schlucht (Paziner Schlucht), wo Pazin\u010dica untergeht und stellt das Zentrum des Wirtschafts, Kultur-, Bildungs- und Sportlebens Zentralistriens dar. Auch der Verwaltungssitz [&hellip;]<\/p>\n","protected":false},"author":1,"featured_media":0,"parent":0,"menu_order":0,"comment_status":"closed","ping_status":"closed","template":"page-noborder.php","meta":{"footnotes":""},"class_list":["post-3873","page","type-page","status-publish","hentry"],"_links":{"self":[{"href":"https:\/\/www.kucazapisce.hr\/de\/wp-json\/wp\/v2\/pages\/3873","targetHints":{"allow":["GET"]}}],"collection":[{"href":"https:\/\/www.kucazapisce.hr\/de\/wp-json\/wp\/v2\/pages"}],"about":[{"href":"https:\/\/www.kucazapisce.hr\/de\/wp-json\/wp\/v2\/types\/page"}],"author":[{"embeddable":true,"href":"https:\/\/www.kucazapisce.hr\/de\/wp-json\/wp\/v2\/users\/1"}],"replies":[{"embeddable":true,"href":"https:\/\/www.kucazapisce.hr\/de\/wp-json\/wp\/v2\/comments?post=3873"}],"version-history":[{"count":0,"href":"https:\/\/www.kucazapisce.hr\/de\/wp-json\/wp\/v2\/pages\/3873\/revisions"}],"wp:attachment":[{"href":"https:\/\/www.kucazapisce.hr\/de\/wp-json\/wp\/v2\/media?parent=3873"}],"curies":[{"name":"wp","href":"https:\/\/api.w.org\/{rel}","templated":true}]}}