{"id":3865,"date":"2011-06-21T12:10:39","date_gmt":"2011-06-21T12:10:39","guid":{"rendered":"https:\/\/www.kucazapisce.hr\/verpflichtungen-von-gast\/"},"modified":"2011-06-21T12:10:39","modified_gmt":"2011-06-21T12:10:39","slug":"verpflichtungen-von-gast","status":"publish","type":"page","link":"https:\/\/www.kucazapisce.hr\/de\/das-literaturhaus\/verpflichtungen-von-gast\/","title":{"rendered":"Verpflichtungen von Gast"},"content":{"rendered":"<p>Der Begriff Verpflichtung mag nicht sehr anregend klingen und kann negativ konnotatiert sein, so wird vom Gast des Hauses doch etwas erwartet. Zu den Verpflichtungen des Gastes als Stipendiat geh\u00f6ren:<\/p>\n<p>&#8211; das Verfassen eines Berichts bzw. von Eindr\u00fccken \u00fcber den Aufenthalt im Literaturhaus,<br \/>\n&#8211; die Ver\u00f6ffentlichung eines Artikels \u00fcber den Aufenthalt im Literaturhaus in einer auflagenstarken Zeitschrift,<br \/>\n&#8211; das \u00dcberlassen eines signierten Buches (f\u00fcr die Vervollst\u00e4ndigung der Hausbibliothek)<br \/>\n&#8211; falls der Gast einen Text w\u00e4hrend seines Aufenthalts im Literaturhaus verfasst, vervollst\u00e4ndigt oder beendet, ist dies bei Ver\u00f6ffentlichung anzuf\u00fchren.<\/p>\n<p>Die bisher beherbergten Schriftsteller best\u00e4tigen, dass die Verpflichtungen nicht allzu anspruchsvoll sind. Einige solcher Eindr\u00fccke vom Aufenthalt in Pazin, und von der Bedeutung des Literaturhauses f\u00fcr Schreibende k\u00f6nnen Sie auf dieser Webseite nachlesen.<\/p>\n","protected":false},"excerpt":{"rendered":"<p>Der Begriff Verpflichtung mag nicht sehr anregend klingen und kann negativ konnotatiert sein, so wird vom Gast des Hauses doch etwas erwartet. Zu den Verpflichtungen des Gastes als Stipendiat geh\u00f6ren: &#8211; das Verfassen eines Berichts bzw. von Eindr\u00fccken \u00fcber den Aufenthalt im Literaturhaus, &#8211; die Ver\u00f6ffentlichung eines Artikels \u00fcber den Aufenthalt im Literaturhaus in einer [&hellip;]<\/p>\n","protected":false},"author":1,"featured_media":0,"parent":3889,"menu_order":3,"comment_status":"closed","ping_status":"closed","template":"","meta":{"footnotes":""},"class_list":["post-3865","page","type-page","status-publish","hentry"],"_links":{"self":[{"href":"https:\/\/www.kucazapisce.hr\/de\/wp-json\/wp\/v2\/pages\/3865","targetHints":{"allow":["GET"]}}],"collection":[{"href":"https:\/\/www.kucazapisce.hr\/de\/wp-json\/wp\/v2\/pages"}],"about":[{"href":"https:\/\/www.kucazapisce.hr\/de\/wp-json\/wp\/v2\/types\/page"}],"author":[{"embeddable":true,"href":"https:\/\/www.kucazapisce.hr\/de\/wp-json\/wp\/v2\/users\/1"}],"replies":[{"embeddable":true,"href":"https:\/\/www.kucazapisce.hr\/de\/wp-json\/wp\/v2\/comments?post=3865"}],"version-history":[{"count":0,"href":"https:\/\/www.kucazapisce.hr\/de\/wp-json\/wp\/v2\/pages\/3865\/revisions"}],"up":[{"embeddable":true,"href":"https:\/\/www.kucazapisce.hr\/de\/wp-json\/wp\/v2\/pages\/3889"}],"wp:attachment":[{"href":"https:\/\/www.kucazapisce.hr\/de\/wp-json\/wp\/v2\/media?parent=3865"}],"curies":[{"name":"wp","href":"https:\/\/api.w.org\/{rel}","templated":true}]}}